{"id":3,"date":"2023-09-12T15:50:51","date_gmt":"2023-09-12T13:50:51","guid":{"rendered":"https:\/\/animadellapianta.com\/?page_id=3"},"modified":"2024-12-02T22:42:54","modified_gmt":"2024-12-02T21:42:54","slug":"politica-privacidad","status":"publish","type":"page","link":"https:\/\/animadellapianta.com\/?page_id=3","title":{"rendered":"Pol\u00edtica de privacidad"},"content":{"rendered":"\n<h2 class=\"wp-block-heading\">Qui\u00e9nes somos<\/h2>\n\n\n\n<p><strong class=\"privacy-policy-tutorial\"> <\/strong>La direcci\u00f3n de nuestra web es: https:\/\/animadellapianta.com.<\/p>\n\n\n\n<h2 class=\"wp-block-heading\">Cookies<\/h2>\n\n\n\n<p>Las cookies son informaciones que se almacenan en el navegador del usuario de un sitio web para poder consultar la actividad previa que ha tenido, as\u00ed como recordar ciertos datos para una pr\u00f3xima visita. Tambi\u00e9n pueden ser llamadas web beacons, p\u00edxel, bugs, rastreadores, pero a efectos de estas pol\u00edticas, se entender\u00e1n solamente como <strong>cookies<\/strong>.&nbsp;<\/p>\n\n\n\n<p>Suelen almacenar datos de car\u00e1cter t\u00e9cnico, estad\u00edsticas de uso, personalizaci\u00f3n de perfiles, enlaces a redes sociales, administraci\u00f3n de preferencias personales, entre otras funciones, con el fin de poder adaptar el sitio web a las necesidades y configuraciones del usuario, mejorando as\u00ed la experiencia de la navegaci\u00f3n, el no aceptarlas podr\u00eda entorpecer el servicio que el sitio web desea ofrecer.&nbsp;<\/p>\n\n\n\n<p>No son archivos de virus, spam, troyanos, gusanos, spyware, ni programaci\u00f3n publicitaria ya sea est\u00e1tica en la p\u00e1gina o en formato de ventana emergente (pop-up).&nbsp;<\/p>\n\n\n\n<p>La informaci\u00f3n almacenada se refiere al navegador (Internet Explorer, Safari, Chrome, Firefox, etc.), y no al usuario, para constatar esto puede entrar en el mismo dominio web y verificar en dos navegadores diferentes que puede configurar diferentes preferencias en cada uno.<\/p>\n\n\n\n<p>El Editor no se hace responsable por las fallas t\u00e9cnicos que el usuario pueda encontrar en el sitio web o en su navegador por manipular de manera err\u00f3nea la desactivaci\u00f3n o eliminaci\u00f3n de las cookies, en todo momento deber\u00e1 el usuario verificar la informaci\u00f3n sobre su desactivaci\u00f3n o eliminaci\u00f3n en la secci\u00f3n de ayuda del navegador que le corresponda. El usuario asume la responsabilidad de eliminar o desactivar las cookies en su navegador y en, por ende, asume las consecuencias que se deriven de esto.&nbsp;<\/p>\n\n\n\n<h2 class=\"wp-block-heading\">Contenido incrustado de otros sitios web<\/h2>\n\n\n\n<p>Los art\u00edculos de este sitio pueden incluir contenido incrustado (por ejemplo, v\u00eddeos, im\u00e1genes, art\u00edculos, etc.). El contenido incrustado de otras webs se comporta exactamente de la misma manera que si el visitante hubiera visitado la otra web.<\/p>\n\n\n\n<p>Estas web pueden recopilar datos sobre ti, utilizar cookies, incrustar un seguimiento adicional de terceros, y supervisar tu interacci\u00f3n con ese contenido incrustado, incluido el seguimiento de tu interacci\u00f3n con el contenido incrustado si tienes una cuenta y est\u00e1s conectado a esa web.<\/p>\n\n\n\n<h2 class=\"wp-block-heading\">Con qui\u00e9n compartimos tus datos<\/h2>\n\n\n\n<p>Si solicitas un restablecimiento de contrase\u00f1a, tu direcci\u00f3n IP ser\u00e1 incluida en el correo electr\u00f3nico de restablecimiento.<\/p>\n\n\n\n<h2 class=\"wp-block-heading\">Cu\u00e1nto tiempo conservamos tus datos<\/h2>\n\n\n\n<p>Si dejas un comentario, el comentario y sus metadatos se conservan indefinidamente. Esto es para que podamos reconocer y aprobar comentarios sucesivos autom\u00e1ticamente, en lugar de mantenerlos en una cola de moderaci\u00f3n.<\/p>\n\n\n\n<p>De los usuarios que se registran en nuestra web (si los hay), tambi\u00e9n almacenamos la informaci\u00f3n personal que proporcionan en su perfil de usuario. Todos los usuarios pueden ver, editar o eliminar su informaci\u00f3n personal en cualquier momento (excepto que no pueden cambiar su nombre de usuario). Los administradores de la web tambi\u00e9n pueden ver y editar esa informaci\u00f3n.<\/p>\n\n\n\n<h2 class=\"wp-block-heading\">Qu\u00e9 derechos tienes sobre tus datos<\/h2>\n\n\n\n<p>Si tienes una cuenta o has dejado comentarios en esta web, puedes solicitar recibir un archivo de exportaci\u00f3n de los datos personales que tenemos sobre ti, incluyendo cualquier dato que nos hayas proporcionado. Tambi\u00e9n puedes solicitar que eliminemos cualquier dato personal que tengamos sobre ti. Esto no incluye ning\u00fan dato que estemos obligados a conservar con fines administrativos, legales o de seguridad.<\/p>\n\n\n\n<h2 class=\"wp-block-heading\">D\u00f3nde se env\u00edan tus datos<\/h2>\n\n\n\n<p>Los comentarios de los visitantes puede que los revise un servicio de detecci\u00f3n autom\u00e1tica de spam.<\/p>\n","protected":false},"excerpt":{"rendered":"<p>Qui\u00e9nes somos La direcci\u00f3n de nuestra web es: https:\/\/animadellapianta.com. Cookies Las cookies son informaciones que se almacenan en el navegador del usuario de un sitio web para poder consultar la actividad previa que ha tenido, as\u00ed como recordar ciertos datos para una pr\u00f3xima visita. Tambi\u00e9n pueden ser llamadas web beacons, p\u00edxel, bugs, rastreadores, pero a [&hellip;]<\/p>\n","protected":false},"author":1,"featured_media":0,"parent":0,"menu_order":0,"comment_status":"closed","ping_status":"open","template":"","meta":{"site-sidebar-layout":"default","site-content-layout":"","ast-site-content-layout":"default","site-content-style":"default","site-sidebar-style":"default","ast-global-header-display":"","ast-banner-title-visibility":"","ast-main-header-display":"","ast-hfb-above-header-display":"","ast-hfb-below-header-display":"","ast-hfb-mobile-header-display":"","site-post-title":"","ast-breadcrumbs-content":"","ast-featured-img":"","footer-sml-layout":"","ast-disable-related-posts":"","theme-transparent-header-meta":"","adv-header-id-meta":"","stick-header-meta":"","header-above-stick-meta":"","header-main-stick-meta":"","header-below-stick-meta":"","astra-migrate-meta-layouts":"set","ast-page-background-enabled":"default","ast-page-background-meta":{"desktop":{"background-color":"","background-image":"","background-repeat":"repeat","background-position":"center center","background-size":"auto","background-attachment":"scroll","background-type":"","background-media":"","overlay-type":"","overlay-color":"","overlay-opacity":"","overlay-gradient":""},"tablet":{"background-color":"","background-image":"","background-repeat":"repeat","background-position":"center center","background-size":"auto","background-attachment":"scroll","background-type":"","background-media":"","overlay-type":"","overlay-color":"","overlay-opacity":"","overlay-gradient":""},"mobile":{"background-color":"","background-image":"","background-repeat":"repeat","background-position":"center center","background-size":"auto","background-attachment":"scroll","background-type":"","background-media":"","overlay-type":"","overlay-color":"","overlay-opacity":"","overlay-gradient":""}},"ast-content-background-meta":{"desktop":{"background-color":"var(--ast-global-color-5)","background-image":"","background-repeat":"repeat","background-position":"center center","background-size":"auto","background-attachment":"scroll","background-type":"","background-media":"","overlay-type":"","overlay-color":"","overlay-opacity":"","overlay-gradient":""},"tablet":{"background-color":"var(--ast-global-color-5)","background-image":"","background-repeat":"repeat","background-position":"center center","background-size":"auto","background-attachment":"scroll","background-type":"","background-media":"","overlay-type":"","overlay-color":"","overlay-opacity":"","overlay-gradient":""},"mobile":{"background-color":"var(--ast-global-color-5)","background-image":"","background-repeat":"repeat","background-position":"center center","background-size":"auto","background-attachment":"scroll","background-type":"","background-media":"","overlay-type":"","overlay-color":"","overlay-opacity":"","overlay-gradient":""}},"footnotes":""},"class_list":["post-3","page","type-page","status-publish","hentry"],"_links":{"self":[{"href":"https:\/\/animadellapianta.com\/index.php?rest_route=\/wp\/v2\/pages\/3","targetHints":{"allow":["GET"]}}],"collection":[{"href":"https:\/\/animadellapianta.com\/index.php?rest_route=\/wp\/v2\/pages"}],"about":[{"href":"https:\/\/animadellapianta.com\/index.php?rest_route=\/wp\/v2\/types\/page"}],"author":[{"embeddable":true,"href":"https:\/\/animadellapianta.com\/index.php?rest_route=\/wp\/v2\/users\/1"}],"replies":[{"embeddable":true,"href":"https:\/\/animadellapianta.com\/index.php?rest_route=%2Fwp%2Fv2%2Fcomments&post=3"}],"version-history":[{"count":4,"href":"https:\/\/animadellapianta.com\/index.php?rest_route=\/wp\/v2\/pages\/3\/revisions"}],"predecessor-version":[{"id":2008,"href":"https:\/\/animadellapianta.com\/index.php?rest_route=\/wp\/v2\/pages\/3\/revisions\/2008"}],"wp:attachment":[{"href":"https:\/\/animadellapianta.com\/index.php?rest_route=%2Fwp%2Fv2%2Fmedia&parent=3"}],"curies":[{"name":"wp","href":"https:\/\/api.w.org\/{rel}","templated":true}]}}