{"id":2094,"date":"2025-03-27T00:00:37","date_gmt":"2025-03-26T23:00:37","guid":{"rendered":"https:\/\/animadellapianta.com\/?product=cocoa-pumpkin-pie"},"modified":"2025-08-27T00:09:05","modified_gmt":"2025-08-26T22:09:05","slug":"cocoa-pumpkin-pie","status":"publish","type":"product","link":"https:\/\/animadellapianta.com\/?product=cocoa-pumpkin-pie","title":{"rendered":"Cocoa pumpkin pie"},"content":{"rendered":"<h4><strong>Acondicionador S\u00f3lido.<\/strong><\/h4>\n<h6><strong>Hidrataci\u00f3n rica en minerales tales como el cobre, hierro, zinc, selenio, manganeso, magnesio o potasio. Con aceite de pepita de calabaza de primera presi\u00f3n en fr\u00edo, vitamina E, pantenol, prote\u00ednas y cacao ecol\u00f3gico.<\/strong><\/h6>\n<p><strong>60gr<\/strong><\/p>\n","protected":false},"excerpt":{"rendered":"<p>Acondicionador S\u00f3lido. Hidrataci\u00f3n rica en minerales tales como el cobre, hierro, zinc, selenio, manganeso, magnesio o potasio. Con aceite de pepita de calabaza de primera presi\u00f3n en fr\u00edo, vitamina E, pantenol, prote\u00ednas y cacao ecol\u00f3gico. 60gr<\/p>\n","protected":false},"featured_media":2093,"comment_status":"open","ping_status":"closed","template":"","meta":{"site-sidebar-layout":"default","site-content-layout":"","ast-site-content-layout":"default","site-content-style":"default","site-sidebar-style":"default","ast-global-header-display":"","ast-banner-title-visibility":"","ast-main-header-display":"","ast-hfb-above-header-display":"","ast-hfb-below-header-display":"","ast-hfb-mobile-header-display":"","site-post-title":"","ast-breadcrumbs-content":"","ast-featured-img":"","footer-sml-layout":"","ast-disable-related-posts":"","theme-transparent-header-meta":"","adv-header-id-meta":"","stick-header-meta":"","header-above-stick-meta":"","header-main-stick-meta":"","header-below-stick-meta":"","astra-migrate-meta-layouts":"default","ast-page-background-enabled":"default","ast-page-background-meta":{"desktop":{"background-color":"","background-image":"","background-repeat":"repeat","background-position":"center center","background-size":"auto","background-attachment":"scroll","background-type":"","background-media":"","overlay-type":"","overlay-color":"","overlay-opacity":"","overlay-gradient":""},"tablet":{"background-color":"","background-image":"","background-repeat":"repeat","background-position":"center center","background-size":"auto","background-attachment":"scroll","background-type":"","background-media":"","overlay-type":"","overlay-color":"","overlay-opacity":"","overlay-gradient":""},"mobile":{"background-color":"","background-image":"","background-repeat":"repeat","background-position":"center center","background-size":"auto","background-attachment":"scroll","background-type":"","background-media":"","overlay-type":"","overlay-color":"","overlay-opacity":"","overlay-gradient":""}},"ast-content-background-meta":{"desktop":{"background-color":"var(--ast-global-color-5)","background-image":"","background-repeat":"repeat","background-position":"center center","background-size":"auto","background-attachment":"scroll","background-type":"","background-media":"","overlay-type":"","overlay-color":"","overlay-opacity":"","overlay-gradient":""},"tablet":{"background-color":"var(--ast-global-color-5)","background-image":"","background-repeat":"repeat","background-position":"center center","background-size":"auto","background-attachment":"scroll","background-type":"","background-media":"","overlay-type":"","overlay-color":"","overlay-opacity":"","overlay-gradient":""},"mobile":{"background-color":"var(--ast-global-color-5)","background-image":"","background-repeat":"repeat","background-position":"center center","background-size":"auto","background-attachment":"scroll","background-type":"","background-media":"","overlay-type":"","overlay-color":"","overlay-opacity":"","overlay-gradient":""}}},"product_brand":[],"product_cat":[28,15],"product_tag":[],"class_list":{"0":"post-2094","1":"product","2":"type-product","3":"status-publish","4":"has-post-thumbnail","6":"product_cat-capilar","7":"product_cat-sin-categorizar","8":"desktop-align-center","9":"tablet-align-left","10":"mobile-align-left","12":"first","13":"instock","14":"featured","15":"shipping-taxable","16":"purchasable","17":"product-type-simple"},"_links":{"self":[{"href":"https:\/\/animadellapianta.com\/index.php?rest_route=\/wp\/v2\/product\/2094","targetHints":{"allow":["GET"]}}],"collection":[{"href":"https:\/\/animadellapianta.com\/index.php?rest_route=\/wp\/v2\/product"}],"about":[{"href":"https:\/\/animadellapianta.com\/index.php?rest_route=\/wp\/v2\/types\/product"}],"replies":[{"embeddable":true,"href":"https:\/\/animadellapianta.com\/index.php?rest_route=%2Fwp%2Fv2%2Fcomments&post=2094"}],"wp:featuredmedia":[{"embeddable":true,"href":"https:\/\/animadellapianta.com\/index.php?rest_route=\/wp\/v2\/media\/2093"}],"wp:attachment":[{"href":"https:\/\/animadellapianta.com\/index.php?rest_route=%2Fwp%2Fv2%2Fmedia&parent=2094"}],"wp:term":[{"taxonomy":"product_brand","embeddable":true,"href":"https:\/\/animadellapianta.com\/index.php?rest_route=%2Fwp%2Fv2%2Fproduct_brand&post=2094"},{"taxonomy":"product_cat","embeddable":true,"href":"https:\/\/animadellapianta.com\/index.php?rest_route=%2Fwp%2Fv2%2Fproduct_cat&post=2094"},{"taxonomy":"product_tag","embeddable":true,"href":"https:\/\/animadellapianta.com\/index.php?rest_route=%2Fwp%2Fv2%2Fproduct_tag&post=2094"}],"curies":[{"name":"wp","href":"https:\/\/api.w.org\/{rel}","templated":true}]}}