{"id":2112,"date":"2025-04-02T23:35:33","date_gmt":"2025-04-02T21:35:33","guid":{"rendered":"https:\/\/animadellapianta.com\/?product=cocoa-peptide-hair-elixir"},"modified":"2026-01-31T09:40:33","modified_gmt":"2026-01-31T08:40:33","slug":"cocoa-peptide-hair-elixir","status":"publish","type":"product","link":"https:\/\/animadellapianta.com\/?product=cocoa-peptide-hair-elixir","title":{"rendered":"Cocoa Peptide Hair Elixir"},"content":{"rendered":"<h4><strong>Crema de peinar- leave in, con p\u00e9ptidos de amaranto, \u00e1cido hialur\u00f3nico, aceite de oliva virgen extra, aceite de coco y manteca de cacao.<\/strong><\/h4>\n<h6><strong>Los p\u00e9ptidos refuerzan, restauran, acondicionan y aportan brillo gracias al alto porcentaje de prote\u00edna y ocho amino\u00e1cidos esenciales. <\/strong><\/h6>\n<h6><strong>El \u00e1cido hialur\u00f3nico de alto peso molecular es altamente hidratante y aporta elasticidad. <\/strong><\/h6>\n<h6><strong>El aceite de oliva es rico en fitoesteroles y tocoferoles aportando gran brillo. <\/strong><\/h6>\n<h6><strong>La manteca de cacao aporta al cabello robustez y un plus de nutrici\u00f3n y brillo extra. <\/strong><\/h6>\n<p><strong>250ml<\/strong><\/p>\n","protected":false},"excerpt":{"rendered":"<p>Crema de peinar- leave in, con p\u00e9ptidos de amaranto, \u00e1cido hialur\u00f3nico, aceite de oliva virgen extra, aceite de coco y manteca de cacao. Los p\u00e9ptidos refuerzan, restauran, acondicionan y aportan brillo gracias al alto porcentaje de prote\u00edna y ocho amino\u00e1cidos esenciales. El \u00e1cido hialur\u00f3nico de alto peso molecular es altamente hidratante y aporta elasticidad. El [&hellip;]<\/p>\n","protected":false},"featured_media":2162,"comment_status":"open","ping_status":"closed","template":"","meta":{"site-sidebar-layout":"default","site-content-layout":"","ast-site-content-layout":"default","site-content-style":"default","site-sidebar-style":"default","ast-global-header-display":"","ast-banner-title-visibility":"","ast-main-header-display":"","ast-hfb-above-header-display":"","ast-hfb-below-header-display":"","ast-hfb-mobile-header-display":"","site-post-title":"","ast-breadcrumbs-content":"","ast-featured-img":"","footer-sml-layout":"","ast-disable-related-posts":"","theme-transparent-header-meta":"","adv-header-id-meta":"","stick-header-meta":"","header-above-stick-meta":"","header-main-stick-meta":"","header-below-stick-meta":"","astra-migrate-meta-layouts":"default","ast-page-background-enabled":"default","ast-page-background-meta":{"desktop":{"background-color":"","background-image":"","background-repeat":"repeat","background-position":"center center","background-size":"auto","background-attachment":"scroll","background-type":"","background-media":"","overlay-type":"","overlay-color":"","overlay-opacity":"","overlay-gradient":""},"tablet":{"background-color":"","background-image":"","background-repeat":"repeat","background-position":"center center","background-size":"auto","background-attachment":"scroll","background-type":"","background-media":"","overlay-type":"","overlay-color":"","overlay-opacity":"","overlay-gradient":""},"mobile":{"background-color":"","background-image":"","background-repeat":"repeat","background-position":"center center","background-size":"auto","background-attachment":"scroll","background-type":"","background-media":"","overlay-type":"","overlay-color":"","overlay-opacity":"","overlay-gradient":""}},"ast-content-background-meta":{"desktop":{"background-color":"var(--ast-global-color-5)","background-image":"","background-repeat":"repeat","background-position":"center center","background-size":"auto","background-attachment":"scroll","background-type":"","background-media":"","overlay-type":"","overlay-color":"","overlay-opacity":"","overlay-gradient":""},"tablet":{"background-color":"var(--ast-global-color-5)","background-image":"","background-repeat":"repeat","background-position":"center center","background-size":"auto","background-attachment":"scroll","background-type":"","background-media":"","overlay-type":"","overlay-color":"","overlay-opacity":"","overlay-gradient":""},"mobile":{"background-color":"var(--ast-global-color-5)","background-image":"","background-repeat":"repeat","background-position":"center center","background-size":"auto","background-attachment":"scroll","background-type":"","background-media":"","overlay-type":"","overlay-color":"","overlay-opacity":"","overlay-gradient":""}}},"product_brand":[],"product_cat":[28],"product_tag":[],"class_list":{"0":"post-2112","1":"product","2":"type-product","3":"status-publish","4":"has-post-thumbnail","6":"product_cat-capilar","7":"desktop-align-center","8":"tablet-align-left","9":"mobile-align-left","11":"first","12":"instock","13":"featured","14":"shipping-taxable","15":"purchasable","16":"product-type-simple"},"_links":{"self":[{"href":"https:\/\/animadellapianta.com\/index.php?rest_route=\/wp\/v2\/product\/2112","targetHints":{"allow":["GET"]}}],"collection":[{"href":"https:\/\/animadellapianta.com\/index.php?rest_route=\/wp\/v2\/product"}],"about":[{"href":"https:\/\/animadellapianta.com\/index.php?rest_route=\/wp\/v2\/types\/product"}],"replies":[{"embeddable":true,"href":"https:\/\/animadellapianta.com\/index.php?rest_route=%2Fwp%2Fv2%2Fcomments&post=2112"}],"wp:featuredmedia":[{"embeddable":true,"href":"https:\/\/animadellapianta.com\/index.php?rest_route=\/wp\/v2\/media\/2162"}],"wp:attachment":[{"href":"https:\/\/animadellapianta.com\/index.php?rest_route=%2Fwp%2Fv2%2Fmedia&parent=2112"}],"wp:term":[{"taxonomy":"product_brand","embeddable":true,"href":"https:\/\/animadellapianta.com\/index.php?rest_route=%2Fwp%2Fv2%2Fproduct_brand&post=2112"},{"taxonomy":"product_cat","embeddable":true,"href":"https:\/\/animadellapianta.com\/index.php?rest_route=%2Fwp%2Fv2%2Fproduct_cat&post=2112"},{"taxonomy":"product_tag","embeddable":true,"href":"https:\/\/animadellapianta.com\/index.php?rest_route=%2Fwp%2Fv2%2Fproduct_tag&post=2112"}],"curies":[{"name":"wp","href":"https:\/\/api.w.org\/{rel}","templated":true}]}}