{"id":2115,"date":"2025-04-02T23:45:11","date_gmt":"2025-04-02T21:45:11","guid":{"rendered":"https:\/\/animadellapianta.com\/?product=hydralock-hair-therapy"},"modified":"2025-12-08T16:56:53","modified_gmt":"2025-12-08T15:56:53","slug":"hydralock-hair-therapy","status":"publish","type":"product","link":"https:\/\/animadellapianta.com\/?product=hydralock-hair-therapy","title":{"rendered":"HydraLock Hair Therapy"},"content":{"rendered":"<h4><strong>Mascarilla capilar con inulina vegetal, \u00e1cido hialur\u00f3nico, pantenol, prote\u00edna de trigo y de seda , aceite de oliva virgen extra, aceite de semilla de calabaza y aceite de nuez de macadamia virgen y ecol\u00f3gico.<\/strong><\/h4>\n<h6><strong>La inulina es un excelente humectante y suavizante. <\/strong><\/h6>\n<h6><strong>El \u00e1cido hialur\u00f3nico es altamente hidratante y aporta elasticidad. <\/strong><\/h6>\n<h6><strong>El pantenol llega al fol\u00edculo piloso reduciendo las puntas abiertas y aumentando el brillo. <\/strong><\/h6>\n<h6><strong>Las prote\u00ednas fortalecen el cabello y reducen la ca\u00edda. <\/strong><\/h6>\n<h6><strong>El aceite de oliva es rico en fitoesteroles y tocoferoles aportando gran brillo. <\/strong><\/h6>\n<h6><strong>El aceite de semilla de calabaza estimula el crecimiento capilar, reduce quiebre y puntas abiertas; rico en minerales como cobre, hierro, zinc, selenio, manganeso, magnesio y potasio<\/strong><\/h6>\n<h6><strong>El aceite de nuez de macadamia rico en \u00e1cido graso oleico tiene grandes propiedades acondicionadoras.<\/strong><\/h6>\n<h4><strong>250ml <\/strong><\/h4>\n","protected":false},"excerpt":{"rendered":"<p>Mascarilla capilar con inulina vegetal, \u00e1cido hialur\u00f3nico, pantenol, prote\u00edna de trigo y de seda , aceite de oliva virgen extra, aceite de semilla de calabaza y aceite de nuez de macadamia virgen y ecol\u00f3gico. La inulina es un excelente humectante y suavizante. El \u00e1cido hialur\u00f3nico es altamente hidratante y aporta elasticidad. El pantenol llega al [&hellip;]<\/p>\n","protected":false},"featured_media":2163,"comment_status":"open","ping_status":"closed","template":"","meta":{"site-sidebar-layout":"default","site-content-layout":"","ast-site-content-layout":"default","site-content-style":"default","site-sidebar-style":"default","ast-global-header-display":"","ast-banner-title-visibility":"","ast-main-header-display":"","ast-hfb-above-header-display":"","ast-hfb-below-header-display":"","ast-hfb-mobile-header-display":"","site-post-title":"","ast-breadcrumbs-content":"","ast-featured-img":"","footer-sml-layout":"","ast-disable-related-posts":"","theme-transparent-header-meta":"default","adv-header-id-meta":"","stick-header-meta":"","header-above-stick-meta":"","header-main-stick-meta":"","header-below-stick-meta":"","astra-migrate-meta-layouts":"set","ast-page-background-enabled":"default","ast-page-background-meta":{"desktop":{"background-color":"","background-image":"","background-repeat":"repeat","background-position":"center center","background-size":"auto","background-attachment":"scroll","background-type":"","background-media":"","overlay-type":"","overlay-color":"","overlay-opacity":"","overlay-gradient":""},"tablet":{"background-color":"","background-image":"","background-repeat":"repeat","background-position":"center center","background-size":"auto","background-attachment":"scroll","background-type":"","background-media":"","overlay-type":"","overlay-color":"","overlay-opacity":"","overlay-gradient":""},"mobile":{"background-color":"","background-image":"","background-repeat":"repeat","background-position":"center center","background-size":"auto","background-attachment":"scroll","background-type":"","background-media":"","overlay-type":"","overlay-color":"","overlay-opacity":"","overlay-gradient":""}},"ast-content-background-meta":{"desktop":{"background-color":"var(--ast-global-color-5)","background-image":"","background-repeat":"repeat","background-position":"center center","background-size":"auto","background-attachment":"scroll","background-type":"","background-media":"","overlay-type":"","overlay-color":"","overlay-opacity":"","overlay-gradient":""},"tablet":{"background-color":"var(--ast-global-color-5)","background-image":"","background-repeat":"repeat","background-position":"center center","background-size":"auto","background-attachment":"scroll","background-type":"","background-media":"","overlay-type":"","overlay-color":"","overlay-opacity":"","overlay-gradient":""},"mobile":{"background-color":"var(--ast-global-color-5)","background-image":"","background-repeat":"repeat","background-position":"center center","background-size":"auto","background-attachment":"scroll","background-type":"","background-media":"","overlay-type":"","overlay-color":"","overlay-opacity":"","overlay-gradient":""}}},"product_brand":[],"product_cat":[28],"product_tag":[],"class_list":{"0":"post-2115","1":"product","2":"type-product","3":"status-publish","4":"has-post-thumbnail","6":"product_cat-capilar","7":"desktop-align-center","8":"tablet-align-left","9":"mobile-align-left","11":"first","12":"instock","13":"featured","14":"shipping-taxable","15":"purchasable","16":"product-type-simple"},"_links":{"self":[{"href":"https:\/\/animadellapianta.com\/index.php?rest_route=\/wp\/v2\/product\/2115","targetHints":{"allow":["GET"]}}],"collection":[{"href":"https:\/\/animadellapianta.com\/index.php?rest_route=\/wp\/v2\/product"}],"about":[{"href":"https:\/\/animadellapianta.com\/index.php?rest_route=\/wp\/v2\/types\/product"}],"replies":[{"embeddable":true,"href":"https:\/\/animadellapianta.com\/index.php?rest_route=%2Fwp%2Fv2%2Fcomments&post=2115"}],"wp:featuredmedia":[{"embeddable":true,"href":"https:\/\/animadellapianta.com\/index.php?rest_route=\/wp\/v2\/media\/2163"}],"wp:attachment":[{"href":"https:\/\/animadellapianta.com\/index.php?rest_route=%2Fwp%2Fv2%2Fmedia&parent=2115"}],"wp:term":[{"taxonomy":"product_brand","embeddable":true,"href":"https:\/\/animadellapianta.com\/index.php?rest_route=%2Fwp%2Fv2%2Fproduct_brand&post=2115"},{"taxonomy":"product_cat","embeddable":true,"href":"https:\/\/animadellapianta.com\/index.php?rest_route=%2Fwp%2Fv2%2Fproduct_cat&post=2115"},{"taxonomy":"product_tag","embeddable":true,"href":"https:\/\/animadellapianta.com\/index.php?rest_route=%2Fwp%2Fv2%2Fproduct_tag&post=2115"}],"curies":[{"name":"wp","href":"https:\/\/api.w.org\/{rel}","templated":true}]}}