{"id":86,"date":"2019-01-23T14:24:06","date_gmt":"2019-01-23T13:24:06","guid":{"rendered":"https:\/\/animadellapianta.com\/?product=aluminum-plant"},"modified":"2025-08-27T00:11:46","modified_gmt":"2025-08-26T22:11:46","slug":"aluminum-plant","status":"publish","type":"product","link":"https:\/\/animadellapianta.com\/?product=aluminum-plant","title":{"rendered":"Hibiscus &amp; Grape Milk Cleanser"},"content":{"rendered":"<h4><strong>Limpiador y Desmaquillante. <\/strong><\/h4>\n<h6><strong>Limpieza facial suave y Nutrici\u00f3n Instant\u00e1nea. Con Hibisco y Manteca de Karit\u00e9 de agricultura ecol\u00f3gica, Almidones y Aceite de Pepita de Uva de primera presi\u00f3n.<\/strong><\/h6>\n<p><strong>40gr<\/strong><\/p>\n","protected":false},"excerpt":{"rendered":"<p>Funciones principales:<\/p>\n<p>&#8211; Limpiar\/ desmaquillar<\/p>\n<p>&#8211; Suavizar<\/p>\n<p>&#8211; Nutrir<\/p>\n<p>&#8211; Reducir irritaci\u00f3n<\/p>\n<p>&nbsp;<\/p>\n<p>&nbsp;<\/p>\n<p>&nbsp;<\/p>\n<p>\ud835\ude70\ud835\ude99\ud835\ude9d\ud835\ude98<strong><br \/>\n<\/strong>\ud835\ude83\ud835\ude98\ud835\ude8d\ud835\ude98 \ud835\ude9d\ud835\ude92\ud835\ude99\ud835\ude98 \ud835\ude8d\ud835\ude8e \ud835\ude99\ud835\ude92\ud835\ude8e\ud835\ude95\ud835\ude8e\ud835\ude9c \ud835\ude9c\ud835\ude98\ud835\ude8b\ud835\ude9b\ud835\ude8e \ud835\ude9d\ud835\ude98\ud835\ude8d\ud835\ude98 \ud835\ude99\ud835\ude92\ud835\ude8e\ud835\ude95\ud835\ude8e\ud835\ude9c \ud835\ude8c\ud835\ude98\ud835\ude97 \ud835\ude9b\ud835\ude98\ud835\ude9c\ud835\ude8a\u0301\ud835\ude8c\ud835\ude8e\ud835\ude8a<strong>, <\/strong>\ud835\ude99\ud835\ude9c\ud835\ude98\ud835\ude9b\ud835\ude92\ud835\ude8a\ud835\ude9c\ud835\ude92\ud835\ude9c<strong>, <\/strong>\ud835\ude8a\ud835\ude8c\ud835\ude97\ud835\ude8e\u0301 \ud835\ude98 \ud835\ude8c\ud835\ude9e\ud835\ude8a\ud835\ude95\ud835\ude9a\ud835\ude9e\ud835\ude92\ud835\ude8e\ud835\ude9b \ud835\ude9c\ud835\ude8e\ud835\ude97\ud835\ude9c\ud835\ude92\ud835\ude8b\ud835\ude92\ud835\ude95\ud835\ude92\ud835\ude8d\ud835\ude8a\ud835\ude8d<strong>.<\/strong><\/p>\n<p>\ud835\ude84\ud835\ude9c\ud835\ude98<strong><br \/>\n<\/strong>\ud835\ude7b\ud835\ude92\ud835\ude96\ud835\ude99\ud835\ude92\ud835\ude8e\ud835\udea3\ud835\ude8a \ud835\ude8d\ud835\ude92\ud835\ude8a\ud835\ude9b\ud835\ude92\ud835\ude8a<\/p>\n<p>\ud835\ude70\ud835\ude9b\ud835\ude98\ud835\ude96\ud835\ude8a<strong><br \/>\n<\/strong>\ud835\ude82\ud835\ude92\ud835\ude97 \ud835\ude8a\ud835\ude9b\ud835\ude98\ud835\ude96\ud835\ude8a<\/p>\n<p>\ud835\ude75\ud835\ude98\ud835\ude9b\ud835\ude96\ud835\ude8a\ud835\ude9d\ud835\ude98<strong><br \/>\n<\/strong>\ud835\ude7f\ud835\ude8a\ud835\ude9c\ud835\ude9d\ud835\ude92\ud835\ude95\ud835\ude95\ud835\ude8a \ud835\ude8d\ud835\ude8e \ud835\udffa\ud835\udff6 \ud835\ude90\ud835\ude9b<\/p>\n<p>\ud835\ude7b\ud835\ude92\ud835\ude8b\ud835\ude9b\ud835\ude8e \ud835\ude8d\ud835\ude8e<strong> aromas y \u00a0<\/strong>\ud835\ude8d\ud835\ude8e\ud835\ude9d\ud835\ude8e\ud835\ude9b\ud835\ude90\ud835\ude8e\ud835\ude97\ud835\ude9d\ud835\ude8e\ud835\ude9c \ud835\ude8a\ud835\ude90\ud835\ude9b\ud835\ude8e\ud835\ude9c\ud835\ude92\ud835\ude9f\ud835\ude98\ud835\ude9c<strong>.<\/strong><\/p>\n<p><strong>\u00a0<\/strong><\/p>\n<p><strong>\u00a0<\/strong><\/p>\n","protected":false},"featured_media":1900,"comment_status":"open","ping_status":"closed","template":"","meta":{"site-sidebar-layout":"default","site-content-layout":"default","ast-site-content-layout":"default","site-content-style":"default","site-sidebar-style":"default","ast-global-header-display":"","ast-banner-title-visibility":"","ast-main-header-display":"","ast-hfb-above-header-display":"","ast-hfb-below-header-display":"","ast-hfb-mobile-header-display":"","site-post-title":"","ast-breadcrumbs-content":"","ast-featured-img":"","footer-sml-layout":"","ast-disable-related-posts":"","theme-transparent-header-meta":"default","adv-header-id-meta":"","stick-header-meta":"","header-above-stick-meta":"","header-main-stick-meta":"","header-below-stick-meta":"","astra-migrate-meta-layouts":"set","ast-page-background-enabled":"default","ast-page-background-meta":{"desktop":{"background-color":"","background-image":"","background-repeat":"repeat","background-position":"center center","background-size":"auto","background-attachment":"scroll","background-type":"","background-media":"","overlay-type":"","overlay-color":"","overlay-opacity":"","overlay-gradient":""},"tablet":{"background-color":"","background-image":"","background-repeat":"repeat","background-position":"center center","background-size":"auto","background-attachment":"scroll","background-type":"","background-media":"","overlay-type":"","overlay-color":"","overlay-opacity":"","overlay-gradient":""},"mobile":{"background-color":"","background-image":"","background-repeat":"repeat","background-position":"center center","background-size":"auto","background-attachment":"scroll","background-type":"","background-media":"","overlay-type":"","overlay-color":"","overlay-opacity":"","overlay-gradient":""}},"ast-content-background-meta":{"desktop":{"background-color":"var(--ast-global-color-5)","background-image":"","background-repeat":"repeat","background-position":"center center","background-size":"auto","background-attachment":"scroll","background-type":"","background-media":"","overlay-type":"","overlay-color":"","overlay-opacity":"","overlay-gradient":""},"tablet":{"background-color":"var(--ast-global-color-5)","background-image":"","background-repeat":"repeat","background-position":"center center","background-size":"auto","background-attachment":"scroll","background-type":"","background-media":"","overlay-type":"","overlay-color":"","overlay-opacity":"","overlay-gradient":""},"mobile":{"background-color":"var(--ast-global-color-5)","background-image":"","background-repeat":"repeat","background-position":"center center","background-size":"auto","background-attachment":"scroll","background-type":"","background-media":"","overlay-type":"","overlay-color":"","overlay-opacity":"","overlay-gradient":""}}},"product_brand":[],"product_cat":[27],"product_tag":[],"class_list":{"0":"post-86","1":"product","2":"type-product","3":"status-publish","4":"has-post-thumbnail","6":"product_cat-facial","7":"desktop-align-center","8":"tablet-align-left","9":"mobile-align-left","11":"first","12":"instock","13":"featured","14":"shipping-taxable","15":"purchasable","16":"product-type-simple"},"_links":{"self":[{"href":"https:\/\/animadellapianta.com\/index.php?rest_route=\/wp\/v2\/product\/86","targetHints":{"allow":["GET"]}}],"collection":[{"href":"https:\/\/animadellapianta.com\/index.php?rest_route=\/wp\/v2\/product"}],"about":[{"href":"https:\/\/animadellapianta.com\/index.php?rest_route=\/wp\/v2\/types\/product"}],"replies":[{"embeddable":true,"href":"https:\/\/animadellapianta.com\/index.php?rest_route=%2Fwp%2Fv2%2Fcomments&post=86"}],"wp:featuredmedia":[{"embeddable":true,"href":"https:\/\/animadellapianta.com\/index.php?rest_route=\/wp\/v2\/media\/1900"}],"wp:attachment":[{"href":"https:\/\/animadellapianta.com\/index.php?rest_route=%2Fwp%2Fv2%2Fmedia&parent=86"}],"wp:term":[{"taxonomy":"product_brand","embeddable":true,"href":"https:\/\/animadellapianta.com\/index.php?rest_route=%2Fwp%2Fv2%2Fproduct_brand&post=86"},{"taxonomy":"product_cat","embeddable":true,"href":"https:\/\/animadellapianta.com\/index.php?rest_route=%2Fwp%2Fv2%2Fproduct_cat&post=86"},{"taxonomy":"product_tag","embeddable":true,"href":"https:\/\/animadellapianta.com\/index.php?rest_route=%2Fwp%2Fv2%2Fproduct_tag&post=86"}],"curies":[{"name":"wp","href":"https:\/\/api.w.org\/{rel}","templated":true}]}}